{"id":5055,"date":"2022-09-21T12:02:33","date_gmt":"2022-09-21T12:02:33","guid":{"rendered":"https:\/\/new.fastparcmotor.com\/contacto\/"},"modified":"2023-10-18T13:26:09","modified_gmt":"2023-10-18T13:26:09","slug":"contacto","status":"publish","type":"page","link":"https:\/\/fastparcmotor.com\/es\/contacto\/","title":{"rendered":"Contacto"},"content":{"rendered":"\t\t<div data-elementor-type=\"wp-page\" data-elementor-id=\"5055\" class=\"elementor elementor-5055 elementor-205\" data-elementor-post-type=\"page\">\n\t\t\t\t\t\t<section class=\"elementor-section elementor-top-section elementor-element elementor-element-e4363c1 elementor-section-height-min-height elementor-section-boxed elementor-section-height-default elementor-section-items-middle\" data-id=\"e4363c1\" data-element_type=\"section\" data-e-type=\"section\" data-settings=\"{&quot;background_background&quot;:&quot;classic&quot;}\">\n\t\t\t\t\t\t<div class=\"elementor-container elementor-column-gap-default\">\n\t\t\t\t\t<div class=\"elementor-column elementor-col-100 elementor-top-column elementor-element elementor-element-440f7e8\" data-id=\"440f7e8\" data-element_type=\"column\" data-e-type=\"column\">\n\t\t\t<div class=\"elementor-widget-wrap elementor-element-populated\">\n\t\t\t\t\t\t<div class=\"elementor-element elementor-element-4989ca0 elementor-widget elementor-widget-heading\" data-id=\"4989ca0\" data-element_type=\"widget\" data-e-type=\"widget\" data-widget_type=\"heading.default\">\n\t\t\t\t<div class=\"elementor-widget-container\">\n\t\t\t\t\t<h1 class=\"elementor-heading-title elementor-size-default\">Contacto<\/h1>\t\t\t\t<\/div>\n\t\t\t\t<\/div>\n\t\t\t\t<div class=\"elementor-element elementor-element-4174f0f elementor-widget elementor-widget-heading\" data-id=\"4174f0f\" data-element_type=\"widget\" data-e-type=\"widget\" data-widget_type=\"heading.default\">\n\t\t\t\t<div class=\"elementor-widget-container\">\n\t\t\t\t\t<h2 class=\"elementor-heading-title elementor-size-default\">FAST PARCMOTOR CASTELLOL\u00cd<\/h2>\t\t\t\t<\/div>\n\t\t\t\t<\/div>\n\t\t\t\t\t<\/div>\n\t\t<\/div>\n\t\t\t\t\t<\/div>\n\t\t<\/section>\n\t\t\t\t<section class=\"elementor-section elementor-top-section elementor-element elementor-element-dacd962 elementor-section-boxed elementor-section-height-default elementor-section-height-default\" data-id=\"dacd962\" data-element_type=\"section\" data-e-type=\"section\" data-settings=\"{&quot;background_background&quot;:&quot;classic&quot;}\">\n\t\t\t\t\t\t<div class=\"elementor-container elementor-column-gap-default\">\n\t\t\t\t\t<div class=\"elementor-column elementor-col-33 elementor-top-column elementor-element elementor-element-81f68f5\" data-id=\"81f68f5\" data-element_type=\"column\" data-e-type=\"column\">\n\t\t\t<div class=\"elementor-widget-wrap elementor-element-populated\">\n\t\t\t\t\t\t<div class=\"elementor-element elementor-element-a803596 elementor-widget elementor-widget-heading\" data-id=\"a803596\" data-element_type=\"widget\" data-e-type=\"widget\" data-widget_type=\"heading.default\">\n\t\t\t\t<div class=\"elementor-widget-container\">\n\t\t\t\t\t<h4 class=\"elementor-heading-title elementor-size-default\">CONTACTO<\/h4>\t\t\t\t<\/div>\n\t\t\t\t<\/div>\n\t\t\t\t<div class=\"elementor-element elementor-element-f8c400f elementor-list-item-link-inline elementor-mobile-align-center elementor-icon-list--layout-traditional elementor-widget elementor-widget-icon-list\" data-id=\"f8c400f\" data-element_type=\"widget\" data-e-type=\"widget\" data-widget_type=\"icon-list.default\">\n\t\t\t\t<div class=\"elementor-widget-container\">\n\t\t\t\t\t\t\t<ul class=\"elementor-icon-list-items\">\n\t\t\t\t\t\t\t<li class=\"elementor-icon-list-item\">\n\t\t\t\t\t\t\t\t\t\t\t<span class=\"elementor-icon-list-icon\">\n\t\t\t\t\t\t\t<i aria-hidden=\"true\" class=\"fas fa-location-arrow\"><\/i>\t\t\t\t\t\t<\/span>\n\t\t\t\t\t\t\t\t\t\t<span class=\"elementor-icon-list-text\"><b>FAST - Parcmotor Castellol\u00ed<\/b><br>Crta. N-IIa Km.560<\/span>\n\t\t\t\t\t\t\t\t\t<\/li>\n\t\t\t\t\t\t\t\t<li class=\"elementor-icon-list-item\">\n\t\t\t\t\t\t\t\t\t\t\t<a href=\"tel:+34931160366\">\n\n\t\t\t\t\t\t\t\t\t\t\t\t<span class=\"elementor-icon-list-icon\">\n\t\t\t\t\t\t\t<i aria-hidden=\"true\" class=\"fas fa-phone-alt\"><\/i>\t\t\t\t\t\t<\/span>\n\t\t\t\t\t\t\t\t\t\t<span class=\"elementor-icon-list-text\">(+34) 93 116 03 66<\/span>\n\t\t\t\t\t\t\t\t\t\t\t<\/a>\n\t\t\t\t\t\t\t\t\t<\/li>\n\t\t\t\t\t\t\t\t<li class=\"elementor-icon-list-item\">\n\t\t\t\t\t\t\t\t\t\t\t<a href=\"mailto:info@fastparcmotor.com\">\n\n\t\t\t\t\t\t\t\t\t\t\t\t<span class=\"elementor-icon-list-icon\">\n\t\t\t\t\t\t\t<i aria-hidden=\"true\" class=\"far fa-envelope\"><\/i>\t\t\t\t\t\t<\/span>\n\t\t\t\t\t\t\t\t\t\t<span class=\"elementor-icon-list-text\">info@fastparcmotor.com<\/span>\n\t\t\t\t\t\t\t\t\t\t\t<\/a>\n\t\t\t\t\t\t\t\t\t<\/li>\n\t\t\t\t\t\t<\/ul>\n\t\t\t\t\t\t<\/div>\n\t\t\t\t<\/div>\n\t\t\t\t<div class=\"elementor-element elementor-element-cc8dc13 e-grid-align-left e-grid-align-mobile-center elementor-grid-mobile-0 elementor-shape-rounded elementor-grid-0 elementor-widget elementor-widget-social-icons\" data-id=\"cc8dc13\" data-element_type=\"widget\" data-e-type=\"widget\" data-widget_type=\"social-icons.default\">\n\t\t\t\t<div class=\"elementor-widget-container\">\n\t\t\t\t\t\t\t<div class=\"elementor-social-icons-wrapper elementor-grid\" role=\"list\">\n\t\t\t\t\t\t\t<span class=\"elementor-grid-item\" role=\"listitem\">\n\t\t\t\t\t<a class=\"elementor-icon elementor-social-icon elementor-social-icon-instagram elementor-repeater-item-7c2bcc0\" href=\"https:\/\/www.instagram.com\/fastparcmotor\/\" target=\"_blank\">\n\t\t\t\t\t\t<span class=\"elementor-screen-only\">Instagram<\/span>\n\t\t\t\t\t\t<i aria-hidden=\"true\" class=\"fab fa-instagram\"><\/i>\t\t\t\t\t<\/a>\n\t\t\t\t<\/span>\n\t\t\t\t\t\t\t<span class=\"elementor-grid-item\" role=\"listitem\">\n\t\t\t\t\t<a class=\"elementor-icon elementor-social-icon elementor-social-icon-twitter elementor-repeater-item-ed4073b\" href=\"https:\/\/twitter.com\/fastparcmotor\" target=\"_blank\">\n\t\t\t\t\t\t<span class=\"elementor-screen-only\">Twitter<\/span>\n\t\t\t\t\t\t<i aria-hidden=\"true\" class=\"fab fa-twitter\"><\/i>\t\t\t\t\t<\/a>\n\t\t\t\t<\/span>\n\t\t\t\t\t\t\t<span class=\"elementor-grid-item\" role=\"listitem\">\n\t\t\t\t\t<a class=\"elementor-icon elementor-social-icon elementor-social-icon-facebook-f elementor-repeater-item-5646027\" href=\"https:\/\/www.facebook.com\/fast.parcmotor\" target=\"_blank\">\n\t\t\t\t\t\t<span class=\"elementor-screen-only\">Facebook-f<\/span>\n\t\t\t\t\t\t<i aria-hidden=\"true\" class=\"fab fa-facebook-f\"><\/i>\t\t\t\t\t<\/a>\n\t\t\t\t<\/span>\n\t\t\t\t\t\t\t<span class=\"elementor-grid-item\" role=\"listitem\">\n\t\t\t\t\t<a class=\"elementor-icon elementor-social-icon elementor-social-icon-youtube elementor-repeater-item-de52923\" href=\"https:\/\/www.youtube.com\/user\/fastparcmotor\" target=\"_blank\">\n\t\t\t\t\t\t<span class=\"elementor-screen-only\">Youtube<\/span>\n\t\t\t\t\t\t<i aria-hidden=\"true\" class=\"fab fa-youtube\"><\/i>\t\t\t\t\t<\/a>\n\t\t\t\t<\/span>\n\t\t\t\t\t<\/div>\n\t\t\t\t\t\t<\/div>\n\t\t\t\t<\/div>\n\t\t\t\t\t<\/div>\n\t\t<\/div>\n\t\t\t\t<div class=\"elementor-column elementor-col-66 elementor-top-column elementor-element elementor-element-3304f65\" data-id=\"3304f65\" data-element_type=\"column\" data-e-type=\"column\">\n\t\t\t<div class=\"elementor-widget-wrap elementor-element-populated\">\n\t\t\t\t\t\t<div class=\"elementor-element elementor-element-60e26d4 elementor-widget elementor-widget-heading\" data-id=\"60e26d4\" data-element_type=\"widget\" data-e-type=\"widget\" data-widget_type=\"heading.default\">\n\t\t\t\t<div class=\"elementor-widget-container\">\n\t\t\t\t\t<h4 class=\"elementor-heading-title elementor-size-default\">C\u00d3MO LLEGAR<\/h4>\t\t\t\t<\/div>\n\t\t\t\t<\/div>\n\t\t\t\t<div class=\"elementor-element elementor-element-22ba500 elementor-widget elementor-widget-html\" data-id=\"22ba500\" data-element_type=\"widget\" data-e-type=\"widget\" data-widget_type=\"html.default\">\n\t\t\t\t<div class=\"elementor-widget-container\">\n\t\t\t\t\t<iframe src=\"https:\/\/www.google.com\/maps\/embed?pb=!1m14!1m8!1m3!1d11936.14990378872!2d1.685241!3d41.590072!3m2!1i1024!2i768!4f13.1!3m3!1m2!1s0x0%3A0x3342e711be6ada58!2sFAST%20Parcmotor%20-%20Circuit%20i%20Centre%20de%20Formaci%C3%B3!5e0!3m2!1ses!2ses!4v1674562954943!5m2!1ses!2ses\" width=\"800\" height=\"300\" style=\"border:0;\" allowfullscreen=\"\" loading=\"lazy\" referrerpolicy=\"no-referrer-when-downgrade\"><\/iframe>\t\t\t\t<\/div>\n\t\t\t\t<\/div>\n\t\t\t\t\t<\/div>\n\t\t<\/div>\n\t\t\t\t\t<\/div>\n\t\t<\/section>\n\t\t\t\t<section class=\"elementor-section elementor-top-section elementor-element elementor-element-ea8c8c8 elementor-section-boxed elementor-section-height-default elementor-section-height-default\" data-id=\"ea8c8c8\" data-element_type=\"section\" data-e-type=\"section\">\n\t\t\t\t\t\t<div class=\"elementor-container elementor-column-gap-default\">\n\t\t\t\t\t<div class=\"elementor-column elementor-col-100 elementor-top-column elementor-element elementor-element-96bc3b3\" data-id=\"96bc3b3\" data-element_type=\"column\" data-e-type=\"column\">\n\t\t\t<div class=\"elementor-widget-wrap elementor-element-populated\">\n\t\t\t\t\t\t<div class=\"elementor-element elementor-element-226ea1b elementor-widget elementor-widget-heading\" data-id=\"226ea1b\" data-element_type=\"widget\" data-e-type=\"widget\" data-widget_type=\"heading.default\">\n\t\t\t\t<div class=\"elementor-widget-container\">\n\t\t\t\t\t<h4 class=\"elementor-heading-title elementor-size-default\">FORMULARIO DE CONTACTO<\/h4>\t\t\t\t<\/div>\n\t\t\t\t<\/div>\n\t\t\t\t<div class=\"elementor-element elementor-element-95698f0 elementor-widget elementor-widget-heading\" data-id=\"95698f0\" data-element_type=\"widget\" data-e-type=\"widget\" data-widget_type=\"heading.default\">\n\t\t\t\t<div class=\"elementor-widget-container\">\n\t\t\t\t\t<h5 class=\"elementor-heading-title elementor-size-default\">\u00bfNecesitas asesoramiento e informaci\u00f3n m\u00e1s detallada sobre un curso, evento o formaci\u00f3n?<\/h5>\t\t\t\t<\/div>\n\t\t\t\t<\/div>\n\t\t\t\t<div class=\"elementor-element elementor-element-a052d66 elementor-widget elementor-widget-wpforms\" data-id=\"a052d66\" data-element_type=\"widget\" data-e-type=\"widget\" data-widget_type=\"wpforms.default\">\n\t\t\t\t<div class=\"elementor-widget-container\">\n\t\t\t\t\t<div class=\"wpforms-container wpforms-container-full\" id=\"wpforms-2562\"><form id=\"wpforms-form-2562\" class=\"wpforms-validate wpforms-form wpforms-ajax-form\" data-formid=\"2562\" method=\"post\" enctype=\"multipart\/form-data\" action=\"\/es\/wp-json\/wp\/v2\/pages\/5055\" data-token=\"f4d6ce3e64be0584d16d869e79c87ad7\" data-token-time=\"1775269296\"><noscript class=\"wpforms-error-noscript\">Por favor, activa JavaScript en tu navegador para completar este formulario.<\/noscript><div class=\"wpforms-field-container\"><div id=\"wpforms-2562-field_36-container\" class=\"wpforms-field wpforms-field-layout\" data-field-id=\"36\"><div class=\"wpforms-field-layout-rows wpforms-field-large\"><div class=\"wpforms-layout-row\"><div class=\"wpforms-layout-column wpforms-layout-column-50\"><div id=\"wpforms-2562-field_0-container\" class=\"wpforms-field wpforms-field-name\" data-field-id=\"0\"><label class=\"wpforms-field-label\" for=\"wpforms-2562-field_0\">Nombre y Apellido <span class=\"wpforms-required-label\">*<\/span><\/label><input type=\"text\" id=\"wpforms-2562-field_0\" class=\"wpforms-field-large wpforms-field-required\" name=\"wpforms[fields][0]\" required><\/div><\/div><div class=\"wpforms-layout-column wpforms-layout-column-50\"><div id=\"wpforms-2562-field_33-container\" class=\"wpforms-field wpforms-field-text\" data-field-id=\"33\"><label class=\"wpforms-field-label\" for=\"wpforms-2562-field_33\">EMPRESA<\/label><input type=\"text\" id=\"wpforms-2562-field_33\" class=\"wpforms-field-medium\" name=\"wpforms[fields][33]\" ><\/div><\/div><\/div><div class=\"wpforms-layout-row\"><div class=\"wpforms-layout-column wpforms-layout-column-50\"><div id=\"wpforms-2562-field_25-container\" class=\"wpforms-field wpforms-field-phone\" data-field-id=\"25\"><label class=\"wpforms-field-label\" for=\"wpforms-2562-field_25\">Tel\u00e9fono m\u00f3vil<\/label><input type=\"tel\" id=\"wpforms-2562-field_25\" class=\"wpforms-field-large\" data-rule-int-phone-field=\"true\" name=\"wpforms[fields][25]\" aria-label=\"Tel\u00e9fono m\u00f3vil\" ><\/div><\/div><div class=\"wpforms-layout-column wpforms-layout-column-50\"><div id=\"wpforms-2562-field_30-container\" class=\"wpforms-field wpforms-field-email\" data-field-id=\"30\"><label class=\"wpforms-field-label\" for=\"wpforms-2562-field_30\">Correo electr\u00f3nico <span class=\"wpforms-required-label\">*<\/span><\/label><input type=\"email\" id=\"wpforms-2562-field_30\" class=\"wpforms-field-large wpforms-field-required\" name=\"wpforms[fields][30]\" spellcheck=\"false\" required><\/div><\/div><\/div><\/div><\/div><div id=\"wpforms-2562-field_32-container\" class=\"wpforms-field wpforms-field-textarea\" data-field-id=\"32\"><label class=\"wpforms-field-label\" for=\"wpforms-2562-field_32\">Mensaje <span class=\"wpforms-required-label\">*<\/span><\/label><textarea id=\"wpforms-2562-field_32\" class=\"wpforms-field-medium wpforms-field-required\" name=\"wpforms[fields][32]\" required><\/textarea><\/div><div id=\"wpforms-2562-field_34-container\" class=\"wpforms-field wpforms-field-checkbox\" data-field-id=\"34\"><label class=\"wpforms-field-label wpforms-label-hide\">Consentimiento legal  <span class=\"wpforms-required-label\">*<\/span><\/label><ul id=\"wpforms-2562-field_34\" class=\"wpforms-field-required\"><li class=\"choice-1 depth-1\"><input type=\"checkbox\" id=\"wpforms-2562-field_34_1\" name=\"wpforms[fields][34][]\" value=\"FAST PARCMOTOR tratar\u00e1 vuestros datos con el fin de gestionar la consulta realizada. Puede ejercer sus derechos de acceso, rectificaci\u00f3n, supresi\u00f3n, portabilidad, limitaci\u00f3n y oposici\u00f3n, como le informamos en nuestra &lt;a href=&quot;https:\/\/fastparcmotor.com\/es\/politica-de-privacidad\/&quot; target=&quot;_blank&quot; style=&quot;color:#000;text-decoration:underline;&quot;&gt;Pol\u00edtica de Privacidad&lt;\/a&gt; y &lt;a href=&quot;https:\/\/fastparcmotor.com\/es\/aviso-legal\/&quot; target=&quot;_blank&quot; style=&quot;color:#000;text-decoration:underline;&quot;&gt;Aviso Legal.&lt;\/a&gt;\" required ><label class=\"wpforms-field-label-inline\" for=\"wpforms-2562-field_34_1\">FAST PARCMOTOR tratar\u00e1 vuestros datos con el fin de gestionar la consulta realizada. Puede ejercer sus derechos de acceso, rectificaci\u00f3n, supresi\u00f3n, portabilidad, limitaci\u00f3n y oposici\u00f3n, como le informamos en nuestra <a href=\"https:\/\/fastparcmotor.com\/es\/politica-de-privacidad\/\" target=\"_blank\" style=\"color:#000;text-decoration:underline\">Pol\u00edtica de Privacidad<\/a> y <a href=\"https:\/\/fastparcmotor.com\/es\/aviso-legal\/\" target=\"_blank\" style=\"color:#000;text-decoration:underline\">Aviso Legal.<\/a><\/label><\/li><\/ul><\/div><div id=\"wpforms-2562-field_35-container\" class=\"wpforms-field wpforms-field-checkbox\" data-field-id=\"35\"><label class=\"wpforms-field-label wpforms-label-hide\">Informaci\u00f3n comercial<\/label><ul id=\"wpforms-2562-field_35\"><li class=\"choice-1 depth-1\"><input type=\"checkbox\" id=\"wpforms-2562-field_35_1\" name=\"wpforms[fields][35][]\" value=\"Quiero recibir &lt;b&gt;informaci\u00f3n comercial&lt;\/b&gt; sobre las promociones, actividades y novedades de FAST PARCMOTOR\"  ><label class=\"wpforms-field-label-inline\" for=\"wpforms-2562-field_35_1\">Quiero recibir <b>informaci\u00f3n comercial<\/b> sobre las promociones, actividades y novedades de FAST PARCMOTOR<\/label><\/li><\/ul><\/div><\/div><!-- .wpforms-field-container --><div class=\"wpforms-recaptcha-container wpforms-is-recaptcha wpforms-is-recaptcha-type-v3\" ><input type=\"hidden\" name=\"wpforms[recaptcha]\" value=\"\"><\/div><div class=\"wpforms-submit-container\" ><input type=\"hidden\" name=\"wpforms[id]\" value=\"2562\"><input type=\"hidden\" name=\"page_title\" value=\"\"><input type=\"hidden\" name=\"page_url\" value=\"https:\/\/fastparcmotor.com\/es\/wp-json\/wp\/v2\/pages\/5055\"><input type=\"hidden\" name=\"url_referer\" value=\"\"><button type=\"submit\" name=\"wpforms[submit]\" id=\"wpforms-submit-2562\" class=\"wpforms-submit\" data-alt-text=\"Enviando\" data-submit-text=\"ENVIAR\" aria-live=\"assertive\" value=\"wpforms-submit\">ENVIAR<\/button><img decoding=\"async\" src=\"https:\/\/fastparcmotor.com\/wp-content\/plugins\/wpforms\/assets\/images\/submit-spin.svg\" class=\"wpforms-submit-spinner\" style=\"display: none;\" width=\"26\" height=\"26\" alt=\"Cargando\"><\/div><\/form><\/div>  <!-- .wpforms-container -->\t\t\t\t<\/div>\n\t\t\t\t<\/div>\n\t\t\t\t\t<\/div>\n\t\t<\/div>\n\t\t\t\t\t<\/div>\n\t\t<\/section>\n\t\t\t\t<\/div>\n\t\t","protected":false},"excerpt":{"rendered":"<p>Contacto FAST PARCMOTOR CASTELLOL\u00cd CONTACTO FAST &#8211; Parcmotor Castellol\u00edCrta. N-IIa Km.560 (+34) 93 116 03 66 info@fastparcmotor.com Instagram Twitter Facebook-f Youtube C\u00d3MO LLEGAR FORMULARIO DE CONTACTO \u00bfNecesitas asesoramiento e informaci\u00f3n m\u00e1s detallada sobre un curso, evento o formaci\u00f3n?<\/p>\n","protected":false},"author":3,"featured_media":0,"parent":0,"menu_order":0,"comment_status":"closed","ping_status":"closed","template":"","meta":{"_acf_changed":false,"footnotes":""},"categories":[],"tags":[],"class_list":["post-5055","page","type-page","status-publish","hentry"],"acf":[],"yoast_head":"<!-- This site is optimized with the Yoast SEO plugin v27.2 - https:\/\/yoast.com\/product\/yoast-seo-wordpress\/ -->\n<title>Contacta con Fast Parcmotor<\/title>\n<meta name=\"description\" content=\"Ponte en contacto con nosotros llamando al (+34) 93 116 03 66 o enviando un email a info@fastparcmotor.com\" \/>\n<meta name=\"robots\" content=\"index, follow, max-snippet:-1, max-image-preview:large, max-video-preview:-1\" \/>\n<link rel=\"canonical\" href=\"https:\/\/fastparcmotor.com\/es\/contacto\/\" \/>\n<meta property=\"og:locale\" content=\"es_ES\" \/>\n<meta property=\"og:type\" content=\"article\" \/>\n<meta property=\"og:title\" content=\"Contacta con Fast Parcmotor\" \/>\n<meta property=\"og:description\" content=\"Ponte en contacto con nosotros llamando al (+34) 93 116 03 66 o enviando un email a info@fastparcmotor.com\" \/>\n<meta property=\"og:url\" content=\"https:\/\/fastparcmotor.com\/es\/contacto\/\" \/>\n<meta property=\"og:site_name\" content=\"Fast Parcmotor\" \/>\n<meta property=\"article:modified_time\" content=\"2023-10-18T13:26:09+00:00\" \/>\n<meta name=\"twitter:card\" content=\"summary_large_image\" \/>\n<script type=\"application\/ld+json\" class=\"yoast-schema-graph\">{\"@context\":\"https:\/\/schema.org\",\"@graph\":[{\"@type\":\"WebPage\",\"@id\":\"https:\/\/fastparcmotor.com\/es\/contacto\/\",\"url\":\"https:\/\/fastparcmotor.com\/es\/contacto\/\",\"name\":\"Contacta con Fast Parcmotor\",\"isPartOf\":{\"@id\":\"https:\/\/fastparcmotor.com\/es\/#website\"},\"datePublished\":\"2022-09-21T12:02:33+00:00\",\"dateModified\":\"2023-10-18T13:26:09+00:00\",\"description\":\"Ponte en contacto con nosotros llamando al (+34) 93 116 03 66 o enviando un email a info@fastparcmotor.com\",\"breadcrumb\":{\"@id\":\"https:\/\/fastparcmotor.com\/es\/contacto\/#breadcrumb\"},\"inLanguage\":\"es\",\"potentialAction\":[{\"@type\":\"ReadAction\",\"target\":[\"https:\/\/fastparcmotor.com\/es\/contacto\/\"]}]},{\"@type\":\"BreadcrumbList\",\"@id\":\"https:\/\/fastparcmotor.com\/es\/contacto\/#breadcrumb\",\"itemListElement\":[{\"@type\":\"ListItem\",\"position\":1,\"name\":\"Portada\",\"item\":\"https:\/\/fastparcmotor.com\/es\/inicio\/\"},{\"@type\":\"ListItem\",\"position\":2,\"name\":\"Contacto\"}]},{\"@type\":\"WebSite\",\"@id\":\"https:\/\/fastparcmotor.com\/es\/#website\",\"url\":\"https:\/\/fastparcmotor.com\/es\/\",\"name\":\"Fast Parcmotor\",\"description\":\"Circuito Escuela de conducci\u00f3n, coche, moto y 4x4 | Fast Parcmotor\",\"publisher\":{\"@id\":\"https:\/\/fastparcmotor.com\/es\/#organization\"},\"potentialAction\":[{\"@type\":\"SearchAction\",\"target\":{\"@type\":\"EntryPoint\",\"urlTemplate\":\"https:\/\/fastparcmotor.com\/es\/?s={search_term_string}\"},\"query-input\":{\"@type\":\"PropertyValueSpecification\",\"valueRequired\":true,\"valueName\":\"search_term_string\"}}],\"inLanguage\":\"es\"},{\"@type\":\"Organization\",\"@id\":\"https:\/\/fastparcmotor.com\/es\/#organization\",\"name\":\"Fast Parcmotor\",\"url\":\"https:\/\/fastparcmotor.com\/es\/\",\"logo\":{\"@type\":\"ImageObject\",\"inLanguage\":\"es\",\"@id\":\"https:\/\/fastparcmotor.com\/es\/#\/schema\/logo\/image\/\",\"url\":\"https:\/\/fastparcmotor.com\/wp-content\/uploads\/2022\/10\/logo-fast-parcmotor-castelloli-circuito-escuela-conduccion-horitzontal-v4.svg\",\"contentUrl\":\"https:\/\/fastparcmotor.com\/wp-content\/uploads\/2022\/10\/logo-fast-parcmotor-castelloli-circuito-escuela-conduccion-horitzontal-v4.svg\",\"caption\":\"Fast Parcmotor \"},\"image\":{\"@id\":\"https:\/\/fastparcmotor.com\/es\/#\/schema\/logo\/image\/\"}}]}<\/script>\n<!-- \/ Yoast SEO plugin. -->","yoast_head_json":{"title":"Contacta con Fast Parcmotor","description":"Ponte en contacto con nosotros llamando al (+34) 93 116 03 66 o enviando un email a info@fastparcmotor.com","robots":{"index":"index","follow":"follow","max-snippet":"max-snippet:-1","max-image-preview":"max-image-preview:large","max-video-preview":"max-video-preview:-1"},"canonical":"https:\/\/fastparcmotor.com\/es\/contacto\/","og_locale":"es_ES","og_type":"article","og_title":"Contacta con Fast Parcmotor","og_description":"Ponte en contacto con nosotros llamando al (+34) 93 116 03 66 o enviando un email a info@fastparcmotor.com","og_url":"https:\/\/fastparcmotor.com\/es\/contacto\/","og_site_name":"Fast Parcmotor","article_modified_time":"2023-10-18T13:26:09+00:00","twitter_card":"summary_large_image","schema":{"@context":"https:\/\/schema.org","@graph":[{"@type":"WebPage","@id":"https:\/\/fastparcmotor.com\/es\/contacto\/","url":"https:\/\/fastparcmotor.com\/es\/contacto\/","name":"Contacta con Fast Parcmotor","isPartOf":{"@id":"https:\/\/fastparcmotor.com\/es\/#website"},"datePublished":"2022-09-21T12:02:33+00:00","dateModified":"2023-10-18T13:26:09+00:00","description":"Ponte en contacto con nosotros llamando al (+34) 93 116 03 66 o enviando un email a info@fastparcmotor.com","breadcrumb":{"@id":"https:\/\/fastparcmotor.com\/es\/contacto\/#breadcrumb"},"inLanguage":"es","potentialAction":[{"@type":"ReadAction","target":["https:\/\/fastparcmotor.com\/es\/contacto\/"]}]},{"@type":"BreadcrumbList","@id":"https:\/\/fastparcmotor.com\/es\/contacto\/#breadcrumb","itemListElement":[{"@type":"ListItem","position":1,"name":"Portada","item":"https:\/\/fastparcmotor.com\/es\/inicio\/"},{"@type":"ListItem","position":2,"name":"Contacto"}]},{"@type":"WebSite","@id":"https:\/\/fastparcmotor.com\/es\/#website","url":"https:\/\/fastparcmotor.com\/es\/","name":"Fast Parcmotor","description":"Circuito Escuela de conducci\u00f3n, coche, moto y 4x4 | Fast Parcmotor","publisher":{"@id":"https:\/\/fastparcmotor.com\/es\/#organization"},"potentialAction":[{"@type":"SearchAction","target":{"@type":"EntryPoint","urlTemplate":"https:\/\/fastparcmotor.com\/es\/?s={search_term_string}"},"query-input":{"@type":"PropertyValueSpecification","valueRequired":true,"valueName":"search_term_string"}}],"inLanguage":"es"},{"@type":"Organization","@id":"https:\/\/fastparcmotor.com\/es\/#organization","name":"Fast Parcmotor","url":"https:\/\/fastparcmotor.com\/es\/","logo":{"@type":"ImageObject","inLanguage":"es","@id":"https:\/\/fastparcmotor.com\/es\/#\/schema\/logo\/image\/","url":"https:\/\/fastparcmotor.com\/wp-content\/uploads\/2022\/10\/logo-fast-parcmotor-castelloli-circuito-escuela-conduccion-horitzontal-v4.svg","contentUrl":"https:\/\/fastparcmotor.com\/wp-content\/uploads\/2022\/10\/logo-fast-parcmotor-castelloli-circuito-escuela-conduccion-horitzontal-v4.svg","caption":"Fast Parcmotor "},"image":{"@id":"https:\/\/fastparcmotor.com\/es\/#\/schema\/logo\/image\/"}}]}},"_links":{"self":[{"href":"https:\/\/fastparcmotor.com\/es\/wp-json\/wp\/v2\/pages\/5055","targetHints":{"allow":["GET"]}}],"collection":[{"href":"https:\/\/fastparcmotor.com\/es\/wp-json\/wp\/v2\/pages"}],"about":[{"href":"https:\/\/fastparcmotor.com\/es\/wp-json\/wp\/v2\/types\/page"}],"author":[{"embeddable":true,"href":"https:\/\/fastparcmotor.com\/es\/wp-json\/wp\/v2\/users\/3"}],"replies":[{"embeddable":true,"href":"https:\/\/fastparcmotor.com\/es\/wp-json\/wp\/v2\/comments?post=5055"}],"version-history":[{"count":5,"href":"https:\/\/fastparcmotor.com\/es\/wp-json\/wp\/v2\/pages\/5055\/revisions"}],"predecessor-version":[{"id":7657,"href":"https:\/\/fastparcmotor.com\/es\/wp-json\/wp\/v2\/pages\/5055\/revisions\/7657"}],"wp:attachment":[{"href":"https:\/\/fastparcmotor.com\/es\/wp-json\/wp\/v2\/media?parent=5055"}],"wp:term":[{"taxonomy":"category","embeddable":true,"href":"https:\/\/fastparcmotor.com\/es\/wp-json\/wp\/v2\/categories?post=5055"},{"taxonomy":"post_tag","embeddable":true,"href":"https:\/\/fastparcmotor.com\/es\/wp-json\/wp\/v2\/tags?post=5055"}],"curies":[{"name":"wp","href":"https:\/\/api.w.org\/{rel}","templated":true}]}}