{"id":5148,"date":"2022-09-21T12:02:00","date_gmt":"2022-09-21T12:02:00","guid":{"rendered":"https:\/\/new.fastparcmotor.com\/aviso-legal\/"},"modified":"2023-10-19T11:01:31","modified_gmt":"2023-10-19T11:01:31","slug":"aviso-legal","status":"publish","type":"page","link":"https:\/\/fastparcmotor.com\/es\/aviso-legal\/","title":{"rendered":"Aviso legal"},"content":{"rendered":"\t\t<div data-elementor-type=\"wp-page\" data-elementor-id=\"5148\" class=\"elementor elementor-5148 elementor-201\" data-elementor-post-type=\"page\">\n\t\t\t\t\t\t<section class=\"elementor-section elementor-top-section elementor-element elementor-element-c7988f8 elementor-section-height-min-height elementor-section-boxed elementor-section-height-default elementor-section-items-middle\" data-id=\"c7988f8\" data-element_type=\"section\" data-e-type=\"section\" data-settings=\"{&quot;background_background&quot;:&quot;classic&quot;}\">\n\t\t\t\t\t\t<div class=\"elementor-container elementor-column-gap-default\">\n\t\t\t\t\t<div class=\"elementor-column elementor-col-100 elementor-top-column elementor-element elementor-element-7d285fa0\" data-id=\"7d285fa0\" data-element_type=\"column\" data-e-type=\"column\">\n\t\t\t<div class=\"elementor-widget-wrap elementor-element-populated\">\n\t\t\t\t\t\t<div class=\"elementor-element elementor-element-6b42ca36 elementor-widget elementor-widget-image\" data-id=\"6b42ca36\" data-element_type=\"widget\" data-e-type=\"widget\" data-widget_type=\"image.default\">\n\t\t\t\t<div class=\"elementor-widget-container\">\n\t\t\t\t\t\t\t\t\t\t\t\t\t\t\t<img decoding=\"async\" width=\"1\" height=\"1\" src=\"https:\/\/fastparcmotor.com\/wp-content\/uploads\/2022\/10\/icona-fast-emergencies-instalacions-withe-red.svg\" class=\"attachment-large size-large wp-image-607\" alt=\"\" \/>\t\t\t\t\t\t\t\t\t\t\t\t\t\t\t<\/div>\n\t\t\t\t<\/div>\n\t\t\t\t<div class=\"elementor-element elementor-element-1ec2935a elementor-widget elementor-widget-heading\" data-id=\"1ec2935a\" data-element_type=\"widget\" data-e-type=\"widget\" data-widget_type=\"heading.default\">\n\t\t\t\t<div class=\"elementor-widget-container\">\n\t\t\t\t\t<h1 class=\"elementor-heading-title elementor-size-default\">AVISO LEGAL<\/h1>\t\t\t\t<\/div>\n\t\t\t\t<\/div>\n\t\t\t\t\t<\/div>\n\t\t<\/div>\n\t\t\t\t\t<\/div>\n\t\t<\/section>\n\t\t\t\t<section class=\"elementor-section elementor-top-section elementor-element elementor-element-4a927b20 elementor-section-boxed elementor-section-height-default elementor-section-height-default\" data-id=\"4a927b20\" data-element_type=\"section\" data-e-type=\"section\">\n\t\t\t\t\t\t<div class=\"elementor-container elementor-column-gap-default\">\n\t\t\t\t\t<div class=\"elementor-column elementor-col-100 elementor-top-column elementor-element elementor-element-247fe982\" data-id=\"247fe982\" data-element_type=\"column\" data-e-type=\"column\">\n\t\t\t<div class=\"elementor-widget-wrap elementor-element-populated\">\n\t\t\t\t\t\t<div class=\"elementor-element elementor-element-47b110a0 elementor-widget elementor-widget-text-editor\" data-id=\"47b110a0\" data-element_type=\"widget\" data-e-type=\"widget\" data-widget_type=\"text-editor.default\">\n\t\t\t\t<div class=\"elementor-widget-container\">\n\t\t\t\t\t\t\t\t\t<h4>LEY DE LOS SERVICIOS DE LA SOCIEDAD DE LA INFORMACI\u00d3N (LSSI)<\/h4>\n<p>\u200bVer detalles 276 \/ 5.000 Resultados de traducci\u00f3n Resultado de traducci\u00f3n FAST INGENIER\u00cdA, S.L., responsable del sitio web, en adelante RESPONSABLE, pone a disposici\u00f3n de los usuarios el presente documento, con el que pretende dar cumplimiento a las obligaciones dispuestas en la Ley 34\/2002, de 11 de julio, de servicios de la sociedad de la informaci\u00f3n y de<br \/>Comercio Electr\u00f3nico (LSSICE), BOE N\u00ba. 166, as\u00ed como informar a todos los usuarios del sitio web respecto a cu\u00e1les son las condiciones de uso.<\/p>\n<p>Toda persona que acceda a este sitio web asume el papel de usuario, comprometi\u00e9ndose a la observancia y riguroso cumplimiento de las disposiciones aqu\u00ed dispuestas, as\u00ed como a cualquier otra disposici\u00f3n legal que sea aplicable.<\/p>\n<p>FAST INGENIER\u00cdA, S.L. se reserva el derecho de modificar cualquier tipo de informaci\u00f3n que pudiera aparecer en el sitio web, sin que exista obligaci\u00f3n de preavisar o poner en conocimiento de los usuarios estas obligaciones, entendi\u00e9ndose como suficiente la publicaci\u00f3n en el sitio web de FAST ENGINYERIA, S.L. .<\/p>\n<h4>1. DATOS IDENTIFICATIVOS<\/h4>\n<p><strong>Nombre de dominio:<\/strong> <span style=\"color: #d62b2b;\"><a style=\"color: #d62b2b;\" href=\"https:\/\/www.fastparcmotor.com\/\">fastparcmotor.com<\/a><\/span><br \/><strong>Nombre comercial:<\/strong> FAST ENGINYERIA, S.L.<br \/><strong>Denominaci\u00f3n social:<\/strong> FAST ENGINYERIA, S.L.<br \/><strong>NIF:<\/strong> B64282460<br \/><strong>Domicilio social:<\/strong> CR NACIONAL IIa KM .560, 08719 CASTELLOL\u00cd BARCELONA<br \/><strong>Tel\u00e9fono:<\/strong> 931160366<br \/><strong>E-mail:<\/strong> <span style=\"color: #d62b2b;\"><a style=\"color: #d62b2b;\" href=\"mailto:info@fastparcmotor.com\">info@fastparcmotor.com<\/a><\/span><br \/>Registro Mercantil de BARCELONA T 38932 , F 131, S 8, H B 332385, I\/A 8<\/p>\n<h4>2. DERECHOS DE PROPIEDAD INTELECTUAL E INDUSTRIAL<\/h4>\n<p>El sitio web, incluyendo a t\u00edtulo enunciativo pero no limitativo su programaci\u00f3n, edici\u00f3n, compilaci\u00f3n y otros elementos necesarios para su funcionamiento, los dise\u00f1os, logotipos, texto y\/o gr\u00e1ficos, son propiedad del RESPONSABLE o, en su caso, dispone de licencia o autorizaci\u00f3n expresa por parte de los autores. Todos los contenidos del sitio web est\u00e1n debidamente protegidos por la normativa de propiedad intelectual e industrial, as\u00ed como inscritos en los registros p\u00fablicos correspondientes.<br \/>Independientemente de la finalidad para la que fuesen destinados, la reproducci\u00f3n total o parcial, uso, explotaci\u00f3n, distribuci\u00f3n y comercializaci\u00f3n, requiere en todo caso la autorizaci\u00f3n escrita previa por parte del RESPONSABLE. Cualquier uso no autorizado previamente se considerar\u00e1 un incumplimiento grave de los derechos de propiedad intelectual o industrial del autor.<\/p>\n<p>Los dise\u00f1os, logotipos, texto y\/o gr\u00e1ficos ajenos al RESPONSABLE y que pudieran aparecer en el sitio web, pertenecen a sus respectivos propietarios, siendo ellos mismos responsables de cualquier posible controversia que pudiera suscitarse respecto a los mismos. El RESPONSABLE autoriza expresamente a que terceros puedan redirigir directamente a los contenidos concretos del sitio web, y en todo caso redirigir al sitio web principal de <span style=\"color: #d62b2b;\"><a style=\"color: #d62b2b;\" href=\"http:\/\/www.fastparcmotor.com\">fastparcmotor.com<\/a><\/span>.<\/p>\n<p>El RESPONSABLE reconoce a favor de sus titulares los correspondientes derechos de propiedad intelectual e industrial, no implicando su sola menci\u00f3n o aparici\u00f3n en el sitio web la existencia de derechos o responsabilidad sobre \u00e9stos, as\u00ed como soporte, patrocinio o recomendaci\u00f3n por parte del mismo.<br \/>Para realizar cualquier tipo de observaci\u00f3n con respecto a posibles incumplimientos de los derechos de propiedad intelectual o industrial, as\u00ed como sobre cualquiera de los contenidos del sitio web, puede hacerlo a trav\u00e9s del correo electr\u00f3nico <span style=\"color: #d62b2b;\"><a style=\"color: #d62b2b;\" href=\"mailto:info@fastparcmotor.com\">info@fastparcmotor.com<\/a><\/span>.<\/p>\n<h4>3. EXENCI\u00d3N DE RESPONSABILIDADES<\/h4>\n<p>El RESPONSABLE se exime de cualquier tipo de responsabilidad derivada de la informaci\u00f3n publicada en su sitio web siempre que no tenga conocimiento efectivo de que esta informaci\u00f3n haya sido manipulada o introducida por un tercero ajeno al mismo o, en su caso, haya actuado con diligencia por a retirar los datos o hacer imposible acceder a ellos.<\/p>\n<p><strong>Uso de galletas<\/strong><br \/>Este sitio web puede utilizar cookies t\u00e9cnicas (peque\u00f1os archivos de informaci\u00f3n que el servidor env\u00eda al ordenador de quien accede a la p\u00e1gina) para llevar a cabo determinadas funciones que son consideradas imprescindibles para el correcto funcionamiento y visualizaci\u00f3n del sitio. Las cookies utilizadas tienen, en todo caso, car\u00e1cter temporal, con el \u00fanico fin de hacer m\u00e1s eficaz la navegaci\u00f3n, desapareciendo al finalizar la sesi\u00f3n del usuario. En ning\u00fan caso, estas cookies proporcionan por s\u00ed mismas datos de car\u00e1cter personal y no se utilizar\u00e1n para la recogida de los mismos.<br \/>Mediante el uso de cookies tambi\u00e9n es posible que el servidor en el que se encuentra la web reconozca el navegador utilizado por el usuario con el fin de que la navegaci\u00f3n sea m\u00e1s sencilla, permitiendo, por ejemplo, el acceso de los usuarios que se hayan registrado previamente a las \u00e1reas, servicios, promociones o concursos reservados exclusivamente a ellos sin tener que registrarse en cada visita.<br \/>Tambi\u00e9n pueden utilizarse para medir la audiencia, par\u00e1metros de tr\u00e1fico, controlar el progreso y n\u00famero de entradas, etc., en estos casos son cookies prescindibles t\u00e9cnicamente, pero beneficiosas para el usuario. Este sitio web no instalar\u00e1 cookies prescindibles sin el previo consentimiento del usuario.<br \/>Este sitio web utiliza cookies propias y de terceros para fines anal\u00edticos y para mostrar publicidad personalizada en base a un perfil elaborado a partir de sus h\u00e1bitos de navegaci\u00f3n (por ejemplo, p\u00e1ginas visitadas). A todo usuario que visita la web se le informa del uso de estas cookies mediante un banner flotante. En caso de aceptar su uso, el banner desaparecer\u00e1, aunque en todo momento podr\u00e1 revocar el consentimiento y obtener m\u00e1s informaci\u00f3n consultando nuestra Pol\u00edtica de cookies.<br \/>El usuario tiene la posibilidad de configurar su navegador para ser alertado de la recepci\u00f3n de cookies y para impedir su instalaci\u00f3n en su equipo. Por favor, consulte las instrucciones de su navegador para ampliar esta informaci\u00f3n.<\/p>\n<p><strong>Pol\u00edtica de enlaces<\/strong><br \/>Desde el sitio web, es posible que se redirija a contenidos de terceros sitios web. Dado que el RESPONSABLE no puede controlar siempre los contenidos introducidos por terceros en sus respectivos sitios web, no asume ning\u00fan tipo de responsabilidad con respecto a estos contenidos. En todo caso, proceder\u00e1 a la retirada inmediata de cualquier contenido que pudiera contravenir la legislaci\u00f3n nacional o internacional, la moral o el orden p\u00fablico, procediendo a la retirada inmediata de la redirecci\u00f3n a este sitio web, poniendo en conocimiento de las autoridades competentes el contenido en cuesti\u00f3n.<br \/>El RESPONSABLE no se hace responsable de la informaci\u00f3n y contenidos almacenados, a t\u00edtulo enunciativo pero no limitativo, en foros, chats, generadores de blogs, comentarios, redes sociales o cualquier otro medio que permita a terceros publicar contenidos de forma independiente en la p\u00e1gina web del RESPONSABLE. No obstante, y en cumplimiento de lo dispuesto en los art\u00edculos 11 y 16 de la LSSICE, se pone a disposici\u00f3n de todos los usuarios, autoridades y fuerzas de seguridad, colaborando de forma activa en la retirada o, en su caso, bloqueo de todos aquellos contenidos que puedan afectar o contravenir la legislaci\u00f3n nacional o internacional, los derechos de terceros o la moral y el orden p\u00fablico. En caso de que el usuario considere que existe en el sitio web alg\u00fan contenido que pudiera ser susceptible de esta clasificaci\u00f3n, se ruega lo notifique de forma inmediata al administrador del sitio web.<br \/>Este sitio web se ha revisado y probado para que funcione correctamente. En principio, puede garantizar su correcto funcionamiento los 365 d\u00edas del a\u00f1o, 24 horas al d\u00eda. No obstante, el RESPONSABLE no descarta la posibilidad de que existan ciertos errores de programaci\u00f3n, o que se conviertan en causas de fuerza mayor, cat\u00e1strofes naturales, huelgas o circunstancias similares que hagan imposible el acceso a la p\u00e1gina web.<\/p>\n<p><strong>Direcciones IP<\/strong><br \/>Los servidores del sitio web podr\u00e1n detectar de forma autom\u00e1tica la direcci\u00f3n IP y el nombre de dominio utilizado por el usuario. Una direcci\u00f3n IP es un n\u00famero asignado autom\u00e1ticamente a un ordenador cuando \u00e9ste se conecta a Internet. Toda esta informaci\u00f3n se registra en un archivo de actividad del servidor debidamente inscrito que permite el posterior procesamiento de los datos con el para obtener medidas \u00fanicamente estad\u00edsticas que permitan conocer el n\u00famero de impresiones de p\u00e1ginas, el n\u00famero de visitas realizadas a los servidores web, l orden de visitas, el punto de acceso, etc.<\/p>\n<h4>4. LEY APLICABLE Y JURISDICCI\u00d3N<\/h4>\n<p>Para la resoluci\u00f3n de todas las controversias o cuestiones relacionadas con el presente sitio web o de las actividades en \u00e9l desarrolladas, ser\u00e1 de aplicaci\u00f3n la legislaci\u00f3n espa\u00f1ola, a la que se someten expresamente las partes, siendo competentes para la resoluci\u00f3n de todos los conflictos derivados o relacionados con su uso los Juzgados y Tribunales del domicilio del USUARIO o el lugar del cumplimiento de la obligaci\u00f3n.<\/p>\n\t\t\t\t\t\t\t\t<\/div>\n\t\t\t\t<\/div>\n\t\t\t\t\t<\/div>\n\t\t<\/div>\n\t\t\t\t\t<\/div>\n\t\t<\/section>\n\t\t\t\t<\/div>\n\t\t","protected":false},"excerpt":{"rendered":"<p>AVISO LEGAL LEY DE LOS SERVICIOS DE LA SOCIEDAD DE LA INFORMACI\u00d3N (LSSI) \u200bVer detalles 276 \/ 5.000 Resultados de traducci\u00f3n Resultado de traducci\u00f3n FAST INGENIER\u00cdA, S.L., responsable del sitio web, en adelante RESPONSABLE, pone a disposici\u00f3n de los usuarios el presente documento, con el que pretende dar cumplimiento a las obligaciones dispuestas en la [&hellip;]<\/p>\n","protected":false},"author":3,"featured_media":0,"parent":0,"menu_order":0,"comment_status":"closed","ping_status":"closed","template":"","meta":{"_acf_changed":false,"footnotes":""},"categories":[],"tags":[],"class_list":["post-5148","page","type-page","status-publish","hentry"],"acf":[],"yoast_head":"<!-- This site is optimized with the Yoast SEO plugin v27.2 - https:\/\/yoast.com\/product\/yoast-seo-wordpress\/ -->\n<title>Aviso legal - Fast Parcmotor<\/title>\n<meta name=\"robots\" content=\"noindex, nofollow\" \/>\n<meta property=\"og:locale\" content=\"es_ES\" \/>\n<meta property=\"og:type\" content=\"article\" \/>\n<meta property=\"og:title\" content=\"Aviso legal - Fast Parcmotor\" \/>\n<meta property=\"og:description\" content=\"AVISO LEGAL LEY DE LOS SERVICIOS DE LA SOCIEDAD DE LA INFORMACI\u00d3N (LSSI) \u200bVer detalles 276 \/ 5.000 Resultados de traducci\u00f3n Resultado de traducci\u00f3n FAST INGENIER\u00cdA, S.L., responsable del sitio web, en adelante RESPONSABLE, pone a disposici\u00f3n de los usuarios el presente documento, con el que pretende dar cumplimiento a las obligaciones dispuestas en la [&hellip;]\" \/>\n<meta property=\"og:url\" content=\"https:\/\/fastparcmotor.com\/es\/aviso-legal\/\" \/>\n<meta property=\"og:site_name\" content=\"Fast Parcmotor\" \/>\n<meta property=\"article:modified_time\" content=\"2023-10-19T11:01:31+00:00\" \/>\n<meta property=\"og:image\" content=\"https:\/\/fastparcmotor.com\/wp-content\/uploads\/2022\/10\/icona-fast-emergencies-instalacions-withe-red.svg\" \/>\n<meta name=\"twitter:card\" content=\"summary_large_image\" \/>\n<meta name=\"twitter:label1\" content=\"Tiempo de lectura\" \/>\n\t<meta name=\"twitter:data1\" content=\"7 minutos\" \/>\n<script type=\"application\/ld+json\" class=\"yoast-schema-graph\">{\"@context\":\"https:\/\/schema.org\",\"@graph\":[{\"@type\":\"WebPage\",\"@id\":\"https:\/\/fastparcmotor.com\/es\/aviso-legal\/\",\"url\":\"https:\/\/fastparcmotor.com\/es\/aviso-legal\/\",\"name\":\"Aviso legal - Fast Parcmotor\",\"isPartOf\":{\"@id\":\"https:\/\/fastparcmotor.com\/es\/#website\"},\"primaryImageOfPage\":{\"@id\":\"https:\/\/fastparcmotor.com\/es\/aviso-legal\/#primaryimage\"},\"image\":{\"@id\":\"https:\/\/fastparcmotor.com\/es\/aviso-legal\/#primaryimage\"},\"thumbnailUrl\":\"https:\/\/fastparcmotor.com\/wp-content\/uploads\/2022\/10\/icona-fast-emergencies-instalacions-withe-red.svg\",\"datePublished\":\"2022-09-21T12:02:00+00:00\",\"dateModified\":\"2023-10-19T11:01:31+00:00\",\"breadcrumb\":{\"@id\":\"https:\/\/fastparcmotor.com\/es\/aviso-legal\/#breadcrumb\"},\"inLanguage\":\"es\",\"potentialAction\":[{\"@type\":\"ReadAction\",\"target\":[\"https:\/\/fastparcmotor.com\/es\/aviso-legal\/\"]}]},{\"@type\":\"ImageObject\",\"inLanguage\":\"es\",\"@id\":\"https:\/\/fastparcmotor.com\/es\/aviso-legal\/#primaryimage\",\"url\":\"https:\/\/fastparcmotor.com\/wp-content\/uploads\/2022\/10\/icona-fast-emergencies-instalacions-withe-red.svg\",\"contentUrl\":\"https:\/\/fastparcmotor.com\/wp-content\/uploads\/2022\/10\/icona-fast-emergencies-instalacions-withe-red.svg\"},{\"@type\":\"BreadcrumbList\",\"@id\":\"https:\/\/fastparcmotor.com\/es\/aviso-legal\/#breadcrumb\",\"itemListElement\":[{\"@type\":\"ListItem\",\"position\":1,\"name\":\"Portada\",\"item\":\"https:\/\/fastparcmotor.com\/es\/inicio\/\"},{\"@type\":\"ListItem\",\"position\":2,\"name\":\"Aviso legal\"}]},{\"@type\":\"WebSite\",\"@id\":\"https:\/\/fastparcmotor.com\/es\/#website\",\"url\":\"https:\/\/fastparcmotor.com\/es\/\",\"name\":\"Fast Parcmotor\",\"description\":\"Circuito Escuela de conducci\u00f3n, coche, moto y 4x4 | Fast Parcmotor\",\"publisher\":{\"@id\":\"https:\/\/fastparcmotor.com\/es\/#organization\"},\"potentialAction\":[{\"@type\":\"SearchAction\",\"target\":{\"@type\":\"EntryPoint\",\"urlTemplate\":\"https:\/\/fastparcmotor.com\/es\/?s={search_term_string}\"},\"query-input\":{\"@type\":\"PropertyValueSpecification\",\"valueRequired\":true,\"valueName\":\"search_term_string\"}}],\"inLanguage\":\"es\"},{\"@type\":\"Organization\",\"@id\":\"https:\/\/fastparcmotor.com\/es\/#organization\",\"name\":\"Fast Parcmotor\",\"url\":\"https:\/\/fastparcmotor.com\/es\/\",\"logo\":{\"@type\":\"ImageObject\",\"inLanguage\":\"es\",\"@id\":\"https:\/\/fastparcmotor.com\/es\/#\/schema\/logo\/image\/\",\"url\":\"https:\/\/fastparcmotor.com\/wp-content\/uploads\/2022\/10\/logo-fast-parcmotor-castelloli-circuito-escuela-conduccion-horitzontal-v4.svg\",\"contentUrl\":\"https:\/\/fastparcmotor.com\/wp-content\/uploads\/2022\/10\/logo-fast-parcmotor-castelloli-circuito-escuela-conduccion-horitzontal-v4.svg\",\"caption\":\"Fast Parcmotor \"},\"image\":{\"@id\":\"https:\/\/fastparcmotor.com\/es\/#\/schema\/logo\/image\/\"}}]}<\/script>\n<!-- \/ Yoast SEO plugin. -->","yoast_head_json":{"title":"Aviso legal - Fast Parcmotor","robots":{"index":"noindex","follow":"nofollow"},"og_locale":"es_ES","og_type":"article","og_title":"Aviso legal - Fast Parcmotor","og_description":"AVISO LEGAL LEY DE LOS SERVICIOS DE LA SOCIEDAD DE LA INFORMACI\u00d3N (LSSI) \u200bVer detalles 276 \/ 5.000 Resultados de traducci\u00f3n Resultado de traducci\u00f3n FAST INGENIER\u00cdA, S.L., responsable del sitio web, en adelante RESPONSABLE, pone a disposici\u00f3n de los usuarios el presente documento, con el que pretende dar cumplimiento a las obligaciones dispuestas en la [&hellip;]","og_url":"https:\/\/fastparcmotor.com\/es\/aviso-legal\/","og_site_name":"Fast Parcmotor","article_modified_time":"2023-10-19T11:01:31+00:00","og_image":[{"url":"https:\/\/fastparcmotor.com\/wp-content\/uploads\/2022\/10\/icona-fast-emergencies-instalacions-withe-red.svg","type":"","width":"","height":""}],"twitter_card":"summary_large_image","twitter_misc":{"Tiempo de lectura":"7 minutos"},"schema":{"@context":"https:\/\/schema.org","@graph":[{"@type":"WebPage","@id":"https:\/\/fastparcmotor.com\/es\/aviso-legal\/","url":"https:\/\/fastparcmotor.com\/es\/aviso-legal\/","name":"Aviso legal - Fast Parcmotor","isPartOf":{"@id":"https:\/\/fastparcmotor.com\/es\/#website"},"primaryImageOfPage":{"@id":"https:\/\/fastparcmotor.com\/es\/aviso-legal\/#primaryimage"},"image":{"@id":"https:\/\/fastparcmotor.com\/es\/aviso-legal\/#primaryimage"},"thumbnailUrl":"https:\/\/fastparcmotor.com\/wp-content\/uploads\/2022\/10\/icona-fast-emergencies-instalacions-withe-red.svg","datePublished":"2022-09-21T12:02:00+00:00","dateModified":"2023-10-19T11:01:31+00:00","breadcrumb":{"@id":"https:\/\/fastparcmotor.com\/es\/aviso-legal\/#breadcrumb"},"inLanguage":"es","potentialAction":[{"@type":"ReadAction","target":["https:\/\/fastparcmotor.com\/es\/aviso-legal\/"]}]},{"@type":"ImageObject","inLanguage":"es","@id":"https:\/\/fastparcmotor.com\/es\/aviso-legal\/#primaryimage","url":"https:\/\/fastparcmotor.com\/wp-content\/uploads\/2022\/10\/icona-fast-emergencies-instalacions-withe-red.svg","contentUrl":"https:\/\/fastparcmotor.com\/wp-content\/uploads\/2022\/10\/icona-fast-emergencies-instalacions-withe-red.svg"},{"@type":"BreadcrumbList","@id":"https:\/\/fastparcmotor.com\/es\/aviso-legal\/#breadcrumb","itemListElement":[{"@type":"ListItem","position":1,"name":"Portada","item":"https:\/\/fastparcmotor.com\/es\/inicio\/"},{"@type":"ListItem","position":2,"name":"Aviso legal"}]},{"@type":"WebSite","@id":"https:\/\/fastparcmotor.com\/es\/#website","url":"https:\/\/fastparcmotor.com\/es\/","name":"Fast Parcmotor","description":"Circuito Escuela de conducci\u00f3n, coche, moto y 4x4 | Fast Parcmotor","publisher":{"@id":"https:\/\/fastparcmotor.com\/es\/#organization"},"potentialAction":[{"@type":"SearchAction","target":{"@type":"EntryPoint","urlTemplate":"https:\/\/fastparcmotor.com\/es\/?s={search_term_string}"},"query-input":{"@type":"PropertyValueSpecification","valueRequired":true,"valueName":"search_term_string"}}],"inLanguage":"es"},{"@type":"Organization","@id":"https:\/\/fastparcmotor.com\/es\/#organization","name":"Fast Parcmotor","url":"https:\/\/fastparcmotor.com\/es\/","logo":{"@type":"ImageObject","inLanguage":"es","@id":"https:\/\/fastparcmotor.com\/es\/#\/schema\/logo\/image\/","url":"https:\/\/fastparcmotor.com\/wp-content\/uploads\/2022\/10\/logo-fast-parcmotor-castelloli-circuito-escuela-conduccion-horitzontal-v4.svg","contentUrl":"https:\/\/fastparcmotor.com\/wp-content\/uploads\/2022\/10\/logo-fast-parcmotor-castelloli-circuito-escuela-conduccion-horitzontal-v4.svg","caption":"Fast Parcmotor "},"image":{"@id":"https:\/\/fastparcmotor.com\/es\/#\/schema\/logo\/image\/"}}]}},"_links":{"self":[{"href":"https:\/\/fastparcmotor.com\/es\/wp-json\/wp\/v2\/pages\/5148","targetHints":{"allow":["GET"]}}],"collection":[{"href":"https:\/\/fastparcmotor.com\/es\/wp-json\/wp\/v2\/pages"}],"about":[{"href":"https:\/\/fastparcmotor.com\/es\/wp-json\/wp\/v2\/types\/page"}],"author":[{"embeddable":true,"href":"https:\/\/fastparcmotor.com\/es\/wp-json\/wp\/v2\/users\/3"}],"replies":[{"embeddable":true,"href":"https:\/\/fastparcmotor.com\/es\/wp-json\/wp\/v2\/comments?post=5148"}],"version-history":[{"count":3,"href":"https:\/\/fastparcmotor.com\/es\/wp-json\/wp\/v2\/pages\/5148\/revisions"}],"predecessor-version":[{"id":7721,"href":"https:\/\/fastparcmotor.com\/es\/wp-json\/wp\/v2\/pages\/5148\/revisions\/7721"}],"wp:attachment":[{"href":"https:\/\/fastparcmotor.com\/es\/wp-json\/wp\/v2\/media?parent=5148"}],"wp:term":[{"taxonomy":"category","embeddable":true,"href":"https:\/\/fastparcmotor.com\/es\/wp-json\/wp\/v2\/categories?post=5148"},{"taxonomy":"post_tag","embeddable":true,"href":"https:\/\/fastparcmotor.com\/es\/wp-json\/wp\/v2\/tags?post=5148"}],"curies":[{"name":"wp","href":"https:\/\/api.w.org\/{rel}","templated":true}]}}